{"id":470,"date":"2024-10-02T15:35:50","date_gmt":"2024-10-02T15:35:50","guid":{"rendered":"http:\/\/sicaliscapital.com.br\/?page_id=470"},"modified":"2024-12-09T23:00:49","modified_gmt":"2024-12-09T23:00:49","slug":"cash-management","status":"publish","type":"page","link":"https:\/\/sicaliscapital.com.br\/?page_id=470","title":{"rendered":"cash management"},"content":{"rendered":"\t\t<div data-elementor-type=\"wp-page\" data-elementor-id=\"470\" class=\"elementor elementor-470\" data-elementor-post-type=\"page\">\n\t\t\t\t\t\t<section class=\"elementor-section elementor-top-section elementor-element elementor-element-676d6a5 elementor-section-height-min-height elementor-section-boxed elementor-section-height-default elementor-section-items-middle\" data-id=\"676d6a5\" data-element_type=\"section\" data-settings=\"{&quot;background_background&quot;:&quot;classic&quot;}\">\n\t\t\t\t\t\t\t<div class=\"elementor-background-overlay\"><\/div>\n\t\t\t\t\t\t\t<div class=\"elementor-container elementor-column-gap-default\">\n\t\t\t\t\t<div class=\"elementor-column elementor-col-100 elementor-top-column elementor-element elementor-element-198d83a\" data-id=\"198d83a\" data-element_type=\"column\">\n\t\t\t<div class=\"elementor-widget-wrap elementor-element-populated\">\n\t\t\t\t\t\t<div class=\"elementor-element elementor-element-1cc814c de_scroll_animation_no elementor-invisible elementor-widget elementor-widget-heading\" data-id=\"1cc814c\" data-element_type=\"widget\" data-settings=\"{&quot;_animation&quot;:&quot;fadeInUp&quot;,&quot;ekit_we_effect_on&quot;:&quot;none&quot;}\" data-widget_type=\"heading.default\">\n\t\t\t\t<div class=\"elementor-widget-container\">\n\t\t\t<h2 class=\"elementor-heading-title elementor-size-default\">Cash Management<\/h2>\t\t<\/div>\n\t\t\t\t<\/div>\n\t\t\t\t\t<\/div>\n\t\t<\/div>\n\t\t\t\t\t<\/div>\n\t\t<\/section>\n\t\t\t\t<section class=\"elementor-section elementor-top-section elementor-element elementor-element-93015a9 elementor-section-boxed elementor-section-height-default elementor-section-height-default\" data-id=\"93015a9\" data-element_type=\"section\">\n\t\t\t\t\t\t<div class=\"elementor-container elementor-column-gap-default\">\n\t\t\t\t\t<div class=\"elementor-column elementor-col-50 elementor-top-column elementor-element elementor-element-e0256b6\" data-id=\"e0256b6\" data-element_type=\"column\">\n\t\t\t<div class=\"elementor-widget-wrap elementor-element-populated\">\n\t\t\t\t\t\t<div class=\"elementor-element elementor-element-ba2d099 de_scroll_animation_no elementor-invisible elementor-widget elementor-widget-heading\" data-id=\"ba2d099\" data-element_type=\"widget\" data-settings=\"{&quot;_animation&quot;:&quot;fadeInUp&quot;,&quot;ekit_we_effect_on&quot;:&quot;none&quot;}\" data-widget_type=\"heading.default\">\n\t\t\t\t<div class=\"elementor-widget-container\">\n\t\t\t<h2 class=\"elementor-heading-title elementor-size-default\">Cash Management<\/h2>\t\t<\/div>\n\t\t\t\t<\/div>\n\t\t\t\t<div class=\"elementor-element elementor-element-f9f7834 de_scroll_animation_no elementor-invisible elementor-widget elementor-widget-text-editor\" data-id=\"f9f7834\" data-element_type=\"widget\" data-settings=\"{&quot;_animation&quot;:&quot;fadeInUp&quot;,&quot;_animation_delay&quot;:200,&quot;ekit_we_effect_on&quot;:&quot;none&quot;}\" data-widget_type=\"text-editor.default\">\n\t\t\t\t<div class=\"elementor-widget-container\">\n\t\t\t\t\t\t\t<p>Na SICALIS contamos com uma solu\u00e7\u00e3o de consultoria em Cash Management individualizada para a sua empresa.<\/p>\n<p>Nosso time faz o mapeamento de processos, produtos e tarifas e apresenta um relat\u00f3rio personalizado para mudar a sua experi\u00eancia com servi\u00e7os banc\u00e1rios.<br>Al\u00e9m disso, temos expertise para auxili\u00e1-los no processo de negocia\u00e7\u00e3o e implanta\u00e7\u00e3o junto aos bancos, adquirentes de cart\u00f5es, vans comerciais e empresas de tecnologia.<\/p>\n<p>Tanto no quesito experi\u00eancia e fit dos produtos quanto no controle e redu\u00e7\u00e3o de despesas com servi\u00e7os, a SICALIS \u00e9 a melhor op\u00e7\u00e3o como consultor em Cash&nbsp;Management.<\/p>\t\t\t\t\t\t<\/div>\n\t\t\t\t<\/div>\n\t\t\t\t<div class=\"elementor-element elementor-element-4a7830b elementor-align-left elementor-tablet-align-left elementor-mobile-align-center de_scroll_animation_no elementor-invisible elementor-widget elementor-widget-button\" data-id=\"4a7830b\" data-element_type=\"widget\" data-settings=\"{&quot;_animation&quot;:&quot;fadeInUp&quot;,&quot;_animation_delay&quot;:500,&quot;ekit_we_effect_on&quot;:&quot;none&quot;}\" data-widget_type=\"button.default\">\n\t\t\t\t<div class=\"elementor-widget-container\">\n\t\t\t\t\t<div class=\"elementor-button-wrapper\">\n\t\t\t<a class=\"elementor-button elementor-button-link elementor-size-sm\" href=\"https:\/\/wa.me\/4196161951?text=Ol\u00e1%2C%20gostaria%20de%20saber%20mais%20sobre%20as%20solu\u00e7\u00f5es%20da%20Sicalis.\">\n\t\t\t\t\t\t<span class=\"elementor-button-content-wrapper\">\n\t\t\t\t\t\t<span class=\"elementor-button-icon\">\n\t\t\t\t<i aria-hidden=\"true\" class=\"icon icon-right-arrow1\"><\/i>\t\t\t<\/span>\n\t\t\t\t\t\t\t\t\t<span class=\"elementor-button-text\">Fale Conosco Agora<\/span>\n\t\t\t\t\t<\/span>\n\t\t\t\t\t<\/a>\n\t\t<\/div>\n\t\t\t\t<\/div>\n\t\t\t\t<\/div>\n\t\t\t\t<div class=\"elementor-element elementor-element-8556578 elementor-widget-divider--view-line de_scroll_animation_no elementor-invisible elementor-widget elementor-widget-divider\" data-id=\"8556578\" data-element_type=\"widget\" data-settings=\"{&quot;_animation&quot;:&quot;fadeInUp&quot;,&quot;_animation_delay&quot;:300,&quot;ekit_we_effect_on&quot;:&quot;none&quot;}\" data-widget_type=\"divider.default\">\n\t\t\t\t<div class=\"elementor-widget-container\">\n\t\t\t\t\t<div class=\"elementor-divider\">\n\t\t\t<span class=\"elementor-divider-separator\">\n\t\t\t\t\t\t<\/span>\n\t\t<\/div>\n\t\t\t\t<\/div>\n\t\t\t\t<\/div>\n\t\t\t\t\t<\/div>\n\t\t<\/div>\n\t\t\t\t<div class=\"elementor-column elementor-col-50 elementor-top-column elementor-element elementor-element-3d247e8\" data-id=\"3d247e8\" data-element_type=\"column\" data-settings=\"{&quot;background_background&quot;:&quot;gradient&quot;}\">\n\t\t\t<div class=\"elementor-widget-wrap elementor-element-populated\">\n\t\t\t\t\t\t<div class=\"elementor-element elementor-element-9990dc4 de_scroll_animation_no elementor-invisible elementor-widget elementor-widget-image\" data-id=\"9990dc4\" data-element_type=\"widget\" data-settings=\"{&quot;_animation&quot;:&quot;fadeInUp&quot;,&quot;_animation_delay&quot;:200,&quot;ekit_we_effect_on&quot;:&quot;none&quot;}\" data-widget_type=\"image.default\">\n\t\t\t\t<div class=\"elementor-widget-container\">\n\t\t\t\t\t\t\t\t\t\t\t\t\t<img fetchpriority=\"high\" decoding=\"async\" width=\"1536\" height=\"1024\" src=\"https:\/\/sicaliscapital.com.br\/wp-content\/uploads\/2024\/11\/closeup-shot-entrepreneur-working-from-home-his-personal-finances-savings-1536x1024.jpg\" class=\"elementor-animation-float attachment-1536x1536 size-1536x1536 wp-image-1230\" alt=\"\" srcset=\"https:\/\/sicaliscapital.com.br\/wp-content\/uploads\/2024\/11\/closeup-shot-entrepreneur-working-from-home-his-personal-finances-savings-1536x1024.jpg 1536w, https:\/\/sicaliscapital.com.br\/wp-content\/uploads\/2024\/11\/closeup-shot-entrepreneur-working-from-home-his-personal-finances-savings-300x200.jpg 300w, https:\/\/sicaliscapital.com.br\/wp-content\/uploads\/2024\/11\/closeup-shot-entrepreneur-working-from-home-his-personal-finances-savings-1024x683.jpg 1024w, https:\/\/sicaliscapital.com.br\/wp-content\/uploads\/2024\/11\/closeup-shot-entrepreneur-working-from-home-his-personal-finances-savings-768x512.jpg 768w, https:\/\/sicaliscapital.com.br\/wp-content\/uploads\/2024\/11\/closeup-shot-entrepreneur-working-from-home-his-personal-finances-savings-2048x1365.jpg 2048w\" sizes=\"(max-width: 1536px) 100vw, 1536px\" \/>\t\t\t\t\t\t\t\t\t\t\t\t\t<\/div>\n\t\t\t\t<\/div>\n\t\t\t\t<div class=\"elementor-element elementor-element-0557394 de_scroll_animation_no elementor-invisible elementor-widget elementor-widget-elementskit-lottie\" data-id=\"0557394\" data-element_type=\"widget\" data-settings=\"{&quot;_animation&quot;:&quot;fadeInUp&quot;,&quot;_animation_delay&quot;:400,&quot;ekit_we_effect_on&quot;:&quot;none&quot;}\" data-widget_type=\"elementskit-lottie.default\">\n\t\t\t\t<div class=\"elementor-widget-container\">\n\t\t\t<div class=\"ekit-wid-con\" ><div id=\"ekit_lottie_0557394\" class=\"ekit_lottie\" data-autoplay=\"true\" data-on-scroll=\"\" data-speed=\"1\" data-direction=\"\" data-action=\"\" data-renderer=\"svg\" data-path=\"https:\/\/lottie.host\/0d214871-ac39-432f-b495-53ff8f538c66\/09LZk0HfiG.json\" data-loop=\"true\">&nbsp;<\/div><\/div>\t\t<\/div>\n\t\t\t\t<\/div>\n\t\t\t\t\t<\/div>\n\t\t<\/div>\n\t\t\t\t\t<\/div>\n\t\t<\/section>\n\t\t\t\t<\/div>\n\t\t","protected":false},"excerpt":{"rendered":"<p>Cash Management Cash Management Na SICALIS contamos com uma solu\u00e7\u00e3o de consultoria em Cash Management individualizada para a sua empresa. Nosso time faz o mapeamento de processos, produtos e tarifas e apresenta um relat\u00f3rio personalizado para mudar a sua experi\u00eancia com servi\u00e7os banc\u00e1rios.Al\u00e9m disso, temos expertise para auxili\u00e1-los no processo de negocia\u00e7\u00e3o e implanta\u00e7\u00e3o junto [&hellip;]<\/p>\n","protected":false},"author":1,"featured_media":0,"parent":0,"menu_order":0,"comment_status":"closed","ping_status":"closed","template":"","meta":{"footnotes":""},"class_list":["post-470","page","type-page","status-publish","hentry"],"_links":{"self":[{"href":"https:\/\/sicaliscapital.com.br\/index.php?rest_route=\/wp\/v2\/pages\/470","targetHints":{"allow":["GET"]}}],"collection":[{"href":"https:\/\/sicaliscapital.com.br\/index.php?rest_route=\/wp\/v2\/pages"}],"about":[{"href":"https:\/\/sicaliscapital.com.br\/index.php?rest_route=\/wp\/v2\/types\/page"}],"author":[{"embeddable":true,"href":"https:\/\/sicaliscapital.com.br\/index.php?rest_route=\/wp\/v2\/users\/1"}],"replies":[{"embeddable":true,"href":"https:\/\/sicaliscapital.com.br\/index.php?rest_route=%2Fwp%2Fv2%2Fcomments&post=470"}],"version-history":[{"count":25,"href":"https:\/\/sicaliscapital.com.br\/index.php?rest_route=\/wp\/v2\/pages\/470\/revisions"}],"predecessor-version":[{"id":1355,"href":"https:\/\/sicaliscapital.com.br\/index.php?rest_route=\/wp\/v2\/pages\/470\/revisions\/1355"}],"wp:attachment":[{"href":"https:\/\/sicaliscapital.com.br\/index.php?rest_route=%2Fwp%2Fv2%2Fmedia&parent=470"}],"curies":[{"name":"wp","href":"https:\/\/api.w.org\/{rel}","templated":true}]}}