{"id":1265,"date":"2024-11-21T21:32:53","date_gmt":"2024-11-21T21:32:53","guid":{"rendered":"http:\/\/sicaliscapital.com.br\/?page_id=1265"},"modified":"2024-11-21T21:56:56","modified_gmt":"2024-11-21T21:56:56","slug":"credito-tributario","status":"publish","type":"page","link":"https:\/\/sicaliscapital.com.br\/?page_id=1265","title":{"rendered":"Cr\u00e9dito Tribut\u00e1rio"},"content":{"rendered":"\t\t<div data-elementor-type=\"wp-page\" data-elementor-id=\"1265\" class=\"elementor elementor-1265\" data-elementor-post-type=\"page\">\n\t\t\t\t\t\t<section class=\"elementor-section elementor-top-section elementor-element elementor-element-d20d33e elementor-section-height-min-height elementor-section-boxed elementor-section-height-default elementor-section-items-middle\" data-id=\"d20d33e\" data-element_type=\"section\" data-settings=\"{&quot;background_background&quot;:&quot;classic&quot;}\">\n\t\t\t\t\t\t\t<div class=\"elementor-background-overlay\"><\/div>\n\t\t\t\t\t\t\t<div class=\"elementor-container elementor-column-gap-default\">\n\t\t\t\t\t<div class=\"elementor-column elementor-col-100 elementor-top-column elementor-element elementor-element-ff19e73\" data-id=\"ff19e73\" data-element_type=\"column\">\n\t\t\t<div class=\"elementor-widget-wrap elementor-element-populated\">\n\t\t\t\t\t\t<div class=\"elementor-element elementor-element-a150711 de_scroll_animation_no elementor-invisible elementor-widget elementor-widget-heading\" data-id=\"a150711\" data-element_type=\"widget\" data-settings=\"{&quot;_animation&quot;:&quot;fadeInUp&quot;,&quot;ekit_we_effect_on&quot;:&quot;none&quot;}\" data-widget_type=\"heading.default\">\n\t\t\t\t<div class=\"elementor-widget-container\">\n\t\t\t<h2 class=\"elementor-heading-title elementor-size-default\">Cr\u00e9dito Tribut\u00e1rio<\/h2>\t\t<\/div>\n\t\t\t\t<\/div>\n\t\t\t\t\t<\/div>\n\t\t<\/div>\n\t\t\t\t\t<\/div>\n\t\t<\/section>\n\t\t\t\t<section class=\"elementor-section elementor-top-section elementor-element elementor-element-69133ff elementor-reverse-tablet elementor-reverse-mobile elementor-section-boxed elementor-section-height-default elementor-section-height-default\" data-id=\"69133ff\" data-element_type=\"section\">\n\t\t\t\t\t\t<div class=\"elementor-container elementor-column-gap-default\">\n\t\t\t\t\t<div class=\"elementor-column elementor-col-50 elementor-top-column elementor-element elementor-element-9a084a5\" data-id=\"9a084a5\" data-element_type=\"column\">\n\t\t\t<div class=\"elementor-widget-wrap elementor-element-populated\">\n\t\t\t\t\t\t<div class=\"elementor-element elementor-element-db8d445 de_scroll_animation_no elementor-invisible elementor-widget elementor-widget-heading\" data-id=\"db8d445\" data-element_type=\"widget\" data-settings=\"{&quot;_animation&quot;:&quot;fadeInUp&quot;,&quot;ekit_we_effect_on&quot;:&quot;none&quot;}\" data-widget_type=\"heading.default\">\n\t\t\t\t<div class=\"elementor-widget-container\">\n\t\t\t<h2 class=\"elementor-heading-title elementor-size-default\">Cr\u00e9dito Tribut\u00e1rio<\/h2>\t\t<\/div>\n\t\t\t\t<\/div>\n\t\t\t\t<div class=\"elementor-element elementor-element-90a9cda de_scroll_animation_no elementor-invisible elementor-widget elementor-widget-text-editor\" data-id=\"90a9cda\" data-element_type=\"widget\" data-settings=\"{&quot;_animation&quot;:&quot;fadeInUp&quot;,&quot;_animation_delay&quot;:200,&quot;ekit_we_effect_on&quot;:&quot;none&quot;}\" data-widget_type=\"text-editor.default\">\n\t\t\t\t<div class=\"elementor-widget-container\">\n\t\t\t\t\t\t\t<p>A SICALIS \u00e9 representante de grandes casas de servi\u00e7o de recupera\u00e7\u00e3o tribut\u00e1ria. Com estas parcerias, o cliente SICALIS pode acessar servi\u00e7os voltados a diversos tipos de servi\u00e7o de recupera\u00e7\u00e3o de tributos federais e estaduais, al\u00e9m de contar com apoio para enquadramento de projetos na &#8220;Lei do Bem&#8221;.<\/p>\t\t\t\t\t\t<\/div>\n\t\t\t\t<\/div>\n\t\t\t\t<div class=\"elementor-element elementor-element-97982fb elementor-widget-divider--view-line de_scroll_animation_no elementor-invisible elementor-widget elementor-widget-divider\" data-id=\"97982fb\" data-element_type=\"widget\" data-settings=\"{&quot;_animation&quot;:&quot;fadeInUp&quot;,&quot;_animation_delay&quot;:300,&quot;ekit_we_effect_on&quot;:&quot;none&quot;}\" data-widget_type=\"divider.default\">\n\t\t\t\t<div class=\"elementor-widget-container\">\n\t\t\t\t\t<div class=\"elementor-divider\">\n\t\t\t<span class=\"elementor-divider-separator\">\n\t\t\t\t\t\t<\/span>\n\t\t<\/div>\n\t\t\t\t<\/div>\n\t\t\t\t<\/div>\n\t\t\t\t\t<\/div>\n\t\t<\/div>\n\t\t\t\t<div class=\"elementor-column elementor-col-50 elementor-top-column elementor-element elementor-element-b88d2d7\" data-id=\"b88d2d7\" data-element_type=\"column\" data-settings=\"{&quot;background_background&quot;:&quot;gradient&quot;}\">\n\t\t\t<div class=\"elementor-widget-wrap elementor-element-populated\">\n\t\t\t\t\t\t<div class=\"elementor-element elementor-element-8e05674 de_scroll_animation_no elementor-invisible elementor-widget elementor-widget-image\" data-id=\"8e05674\" data-element_type=\"widget\" data-settings=\"{&quot;_animation&quot;:&quot;fadeInUp&quot;,&quot;_animation_delay&quot;:200,&quot;ekit_we_effect_on&quot;:&quot;none&quot;}\" data-widget_type=\"image.default\">\n\t\t\t\t<div class=\"elementor-widget-container\">\n\t\t\t\t\t\t\t\t\t\t\t\t\t<img fetchpriority=\"high\" decoding=\"async\" width=\"1536\" height=\"1024\" src=\"https:\/\/sicaliscapital.com.br\/wp-content\/uploads\/2024\/11\/economy-calculation-crisis-table-1536x1024.jpg\" class=\"elementor-animation-float attachment-1536x1536 size-1536x1536 wp-image-1267\" alt=\"\" srcset=\"https:\/\/sicaliscapital.com.br\/wp-content\/uploads\/2024\/11\/economy-calculation-crisis-table-1536x1024.jpg 1536w, https:\/\/sicaliscapital.com.br\/wp-content\/uploads\/2024\/11\/economy-calculation-crisis-table-300x200.jpg 300w, https:\/\/sicaliscapital.com.br\/wp-content\/uploads\/2024\/11\/economy-calculation-crisis-table-1024x683.jpg 1024w, https:\/\/sicaliscapital.com.br\/wp-content\/uploads\/2024\/11\/economy-calculation-crisis-table-768x512.jpg 768w, https:\/\/sicaliscapital.com.br\/wp-content\/uploads\/2024\/11\/economy-calculation-crisis-table-2048x1365.jpg 2048w\" sizes=\"(max-width: 1536px) 100vw, 1536px\" \/>\t\t\t\t\t\t\t\t\t\t\t\t\t<\/div>\n\t\t\t\t<\/div>\n\t\t\t\t<div class=\"elementor-element elementor-element-cd2015f de_scroll_animation_no elementor-invisible elementor-widget elementor-widget-elementskit-lottie\" data-id=\"cd2015f\" data-element_type=\"widget\" data-settings=\"{&quot;_animation&quot;:&quot;fadeInUp&quot;,&quot;_animation_delay&quot;:400,&quot;ekit_we_effect_on&quot;:&quot;none&quot;}\" data-widget_type=\"elementskit-lottie.default\">\n\t\t\t\t<div class=\"elementor-widget-container\">\n\t\t\t<div class=\"ekit-wid-con\" ><div id=\"ekit_lottie_cd2015f\" class=\"ekit_lottie\" data-autoplay=\"true\" data-on-scroll=\"\" data-speed=\"1\" data-direction=\"\" data-action=\"\" data-renderer=\"svg\" data-path=\"https:\/\/lottie.host\/0d214871-ac39-432f-b495-53ff8f538c66\/09LZk0HfiG.json\" data-loop=\"true\">&nbsp;<\/div><\/div>\t\t<\/div>\n\t\t\t\t<\/div>\n\t\t\t\t\t<\/div>\n\t\t<\/div>\n\t\t\t\t\t<\/div>\n\t\t<\/section>\n\t\t\t\t<\/div>\n\t\t","protected":false},"excerpt":{"rendered":"<p>Cr\u00e9dito Tribut\u00e1rio Cr\u00e9dito Tribut\u00e1rio A SICALIS \u00e9 representante de grandes casas de servi\u00e7o de recupera\u00e7\u00e3o tribut\u00e1ria. Com estas parcerias, o cliente SICALIS pode acessar servi\u00e7os voltados a diversos tipos de servi\u00e7o de recupera\u00e7\u00e3o de tributos federais e estaduais, al\u00e9m de contar com apoio para enquadramento de projetos na &#8220;Lei do Bem&#8221;. &nbsp;<\/p>\n","protected":false},"author":1,"featured_media":0,"parent":0,"menu_order":0,"comment_status":"closed","ping_status":"closed","template":"","meta":{"footnotes":""},"class_list":["post-1265","page","type-page","status-publish","hentry"],"_links":{"self":[{"href":"https:\/\/sicaliscapital.com.br\/index.php?rest_route=\/wp\/v2\/pages\/1265","targetHints":{"allow":["GET"]}}],"collection":[{"href":"https:\/\/sicaliscapital.com.br\/index.php?rest_route=\/wp\/v2\/pages"}],"about":[{"href":"https:\/\/sicaliscapital.com.br\/index.php?rest_route=\/wp\/v2\/types\/page"}],"author":[{"embeddable":true,"href":"https:\/\/sicaliscapital.com.br\/index.php?rest_route=\/wp\/v2\/users\/1"}],"replies":[{"embeddable":true,"href":"https:\/\/sicaliscapital.com.br\/index.php?rest_route=%2Fwp%2Fv2%2Fcomments&post=1265"}],"version-history":[{"count":4,"href":"https:\/\/sicaliscapital.com.br\/index.php?rest_route=\/wp\/v2\/pages\/1265\/revisions"}],"predecessor-version":[{"id":1270,"href":"https:\/\/sicaliscapital.com.br\/index.php?rest_route=\/wp\/v2\/pages\/1265\/revisions\/1270"}],"wp:attachment":[{"href":"https:\/\/sicaliscapital.com.br\/index.php?rest_route=%2Fwp%2Fv2%2Fmedia&parent=1265"}],"curies":[{"name":"wp","href":"https:\/\/api.w.org\/{rel}","templated":true}]}}